{"id":714,"date":"2026-03-25T17:04:20","date_gmt":"2026-03-25T17:04:20","guid":{"rendered":"https:\/\/investcanoas.canoas.rs.gov.br\/?page_id=714"},"modified":"2026-03-25T17:24:01","modified_gmt":"2026-03-25T17:24:01","slug":"privacidade-e-lgpd","status":"publish","type":"page","link":"https:\/\/investcanoas.canoas.rs.gov.br\/en\/privacidade-e-lgpd\/","title":{"rendered":"Privacy and LGPD"},"content":{"rendered":"<div data-elementor-type=\"wp-page\" data-elementor-id=\"714\" class=\"elementor elementor-714\" data-elementor-post-type=\"page\">\n\t\t\t\t<div class=\"elementor-element elementor-element-cf68fd1 e-flex e-con-boxed e-con e-parent\" data-id=\"cf68fd1\" data-element_type=\"container\">\n\t\t\t\t\t<div class=\"e-con-inner\">\n\t\t<div class=\"elementor-element elementor-element-5b28cb6 e-flex e-con-boxed e-con e-child\" data-id=\"5b28cb6\" data-element_type=\"container\" data-settings=\"{&quot;background_background&quot;:&quot;classic&quot;}\">\n\t\t\t\t\t<div class=\"e-con-inner\">\n\t\t\t\t\t<\/div>\n\t\t\t\t<\/div>\n\t\t<div class=\"elementor-element elementor-element-1979136 e-con-full e-flex e-con e-child\" data-id=\"1979136\" data-element_type=\"container\">\n\t\t\t\t<div class=\"elementor-element elementor-element-a2d856c elementor-widget elementor-widget-heading\" data-id=\"a2d856c\" data-element_type=\"widget\" data-widget_type=\"heading.default\">\n\t\t\t\t\t<h2 class=\"elementor-heading-title elementor-size-default\">POL\u00cdTICA DE PRIVACIDADE E PROTE\u00c7\u00c3O DE DADOS (LGPD)\n<\/h2>\t\t\t\t<\/div>\n\t\t\t\t<div class=\"elementor-element elementor-element-eabf11c elementor-widget elementor-widget-text-editor\" data-id=\"eabf11c\" data-element_type=\"widget\" data-widget_type=\"text-editor.default\">\n\t\t\t\t\t\t\t\t\t<h4><b>Prefeitura Municipal de Canoas \u2013 Site InvestCanoas<\/b><\/h4><p><span style=\"font-weight: 400;\">A <\/span><b>Prefeitura Municipal de Canoas<\/b><span style=\"font-weight: 400;\">, por meio de sua equipe respons\u00e1vel pelo site <\/span><b>InvestCanoas<\/b><span style=\"font-weight: 400;\"> (www.investcanoas.canoas.rs.gov.br), reafirma seu compromisso com a transpar\u00eancia, a seguran\u00e7a e a privacidade no tratamento dos dados pessoais de seus usu\u00e1rios.<\/span><\/p><p><span style=\"font-weight: 400;\">Esta Pol\u00edtica descreve como coletamos, utilizamos e protegemos suas informa\u00e7\u00f5es, em total conformidade com a <\/span><b>Lei Geral de Prote\u00e7\u00e3o de Dados Pessoais (Lei n\u00ba 13.709\/2018 \u2013 LGPD)<\/b><span style=\"font-weight: 400;\">.<\/span><\/p><p>\u00a0<\/p><ol><li><b> INFORMA\u00c7\u00d5ES COLETADAS E FORMA DE COLETA<\/b><\/li><\/ol><p><span style=\"font-weight: 400;\">Coletamos informa\u00e7\u00f5es fornecidas voluntariamente pelo usu\u00e1rio nas seguintes situa\u00e7\u00f5es:<\/span><\/p><ul><li style=\"font-weight: 400;\" aria-level=\"1\"><b>Formul\u00e1rios de Contato:<\/b><span style=\"font-weight: 400;\"> Nome, endere\u00e7o de e-mail, n\u00famero de telefone e outras informa\u00e7\u00f5es inseridas na mensagem.<\/span><\/li><li style=\"font-weight: 400;\" aria-level=\"1\"><b>Bot\u00e3o de WhatsApp:<\/b><span style=\"font-weight: 400;\"> Nome, n\u00famero de telefone e o conte\u00fado das mensagens trocadas para fins de atendimento.<\/span><\/li><li style=\"font-weight: 400;\" aria-level=\"1\"><b>Cookies:<\/b><span style=\"font-weight: 400;\"> Coletamos dados de navega\u00e7\u00e3o (como endere\u00e7o IP, tipo de navegador e p\u00e1ginas visitadas) para melhorar a experi\u00eancia e performance do site.<\/span><\/li><\/ul><p><span style=\"font-weight: 400;\">\u00a0<\/span><\/p><ol start=\"2\"><li><b> FINALIDADE E BASES LEGAIS<\/b><\/li><\/ol><p><span style=\"font-weight: 400;\">O tratamento de dados pessoais pelo site InvestCanoas fundamenta-se nas seguintes hip\u00f3teses legais da LGPD:<\/span><\/p><ul><li style=\"font-weight: 400;\" aria-level=\"1\"><b>Atendimento de Finalidade P\u00fablica (Art. 7\u00ba, III):<\/b><span style=\"font-weight: 400;\"> Para a execu\u00e7\u00e3o de compet\u00eancias legais e cumprimento das atribui\u00e7\u00f5es p\u00fablicas da Administra\u00e7\u00e3o Municipal.<\/span><\/li><li style=\"font-weight: 400;\" aria-level=\"1\"><b>Execu\u00e7\u00e3o de Contrato ou Procedimentos Preliminares (Art. 7\u00ba, V):<\/b><span style=\"font-weight: 400;\"> Quando o usu\u00e1rio solicita informa\u00e7\u00f5es ou servi\u00e7os espec\u00edficos via formul\u00e1rio ou WhatsApp.<\/span><\/li><li style=\"font-weight: 400;\" aria-level=\"1\"><b>Leg\u00edtimo Interesse (Art. 7\u00ba, IX):<\/b><span style=\"font-weight: 400;\"> Para apoio, promo\u00e7\u00e3o e melhoria das atividades do site.<\/span><\/li><\/ul><p><span style=\"font-weight: 400;\">\u00a0<\/span><\/p><ol start=\"3\"><li><b> USO E TRATAMENTO DAS INFORMA\u00c7\u00d5ES<\/b><\/li><\/ol><p><span style=\"font-weight: 400;\">Os dados coletados s\u00e3o utilizados exclusivamente para:<\/span><\/p><ul><li style=\"font-weight: 400;\" aria-level=\"1\"><span style=\"font-weight: 400;\">Personalizar a experi\u00eancia do usu\u00e1rio e responder a solicita\u00e7\u00f5es de suporte\/informa\u00e7\u00e3o;<\/span><\/li><li style=\"font-weight: 400;\" aria-level=\"1\"><span style=\"font-weight: 400;\">Enviar e-mails peri\u00f3dicos ou mensagens de interesse p\u00fablico (informativos, eventos relacionados ao tema do site), desde que autorizados pelo usu\u00e1rio;<\/span><\/li><\/ul><p>\u00a0<\/p><ol start=\"4\"><li><b> COMPARTILHAMENTO DE DADOS<\/b><\/li><\/ol><p><span style=\"font-weight: 400;\">A Prefeitura Municipal de Canoas <\/span><b>n\u00e3o comercializa<\/b><span style=\"font-weight: 400;\"> dados pessoais. O compartilhamento ocorre apenas com:<\/span><\/p><ul><li style=\"font-weight: 400;\" aria-level=\"1\"><b>Operadores de Dados:<\/b><span style=\"font-weight: 400;\"> Provedores de hospedagem e ferramentas de an\u00e1lise, que atuam sob rigorosos contratos de confidencialidade.<\/span><\/li><li style=\"font-weight: 400;\" aria-level=\"1\"><b>Administra\u00e7\u00e3o P\u00fablica:<\/b><span style=\"font-weight: 400;\"> Entre \u00f3rg\u00e3os municipais ou esferas governamentais, quando necess\u00e1rio para a execu\u00e7\u00e3o de pol\u00edticas p\u00fablicas ou cumprimento de obriga\u00e7\u00f5es legais.<\/span><\/li><\/ul><p>\u00a0<\/p><ol start=\"5\"><li><b> SEGURAN\u00c7A E RETEN\u00c7\u00c3O DE DADOS<\/b><\/li><\/ol><p><span style=\"font-weight: 400;\">Adotamos medidas t\u00e9cnicas e administrativas aptas a proteger os dados pessoais de acessos n\u00e3o autorizados e de situa\u00e7\u00f5es acidentais ou il\u00edcitas de destrui\u00e7\u00e3o, perda ou altera\u00e7\u00e3o.<\/span><\/p><p><span style=\"font-weight: 400;\">Os dados ser\u00e3o conservados pelo per\u00edodo necess\u00e1rio para atingir as finalidades descritas nesta pol\u00edtica ou conforme os prazos de guarda estabelecidos pela legisla\u00e7\u00e3o arquiv\u00edstica e administrativa.<\/span><\/p><p>\u00a0<\/p><ol start=\"6\"><li><b> DIREITOS DO TITULAR (USU\u00c1RIO)<\/b><\/li><\/ol><p><span style=\"font-weight: 400;\">Em conformidade com o Art. 18 da LGPD, o usu\u00e1rio tem direito a:<\/span><\/p><ol><li style=\"font-weight: 400;\" aria-level=\"1\"><span style=\"font-weight: 400;\">Confirmar a exist\u00eancia de tratamento de seus dados;<\/span><\/li><li style=\"font-weight: 400;\" aria-level=\"1\"><span style=\"font-weight: 400;\">Acessar seus dados pessoais;<\/span><\/li><li style=\"font-weight: 400;\" aria-level=\"1\"><span style=\"font-weight: 400;\">Corrigir dados incompletos, inexatos ou desatualizados;<\/span><\/li><li style=\"font-weight: 400;\" aria-level=\"1\"><span style=\"font-weight: 400;\">Solicitar a anonimiza\u00e7\u00e3o, bloqueio ou elimina\u00e7\u00e3o de dados desnecess\u00e1rios;<\/span><\/li><li style=\"font-weight: 400;\" aria-level=\"1\"><span style=\"font-weight: 400;\">Revogar o consentimento para o envio de comunica\u00e7\u00f5es informativas a qualquer momento.<\/span><\/li><\/ol><p>\u00a0<\/p><ol start=\"7\"><li><b> POL\u00cdTICA DE COOKIES<\/b><\/li><\/ol><p><span style=\"font-weight: 400;\">Utilizamos cookies para rastrear prefer\u00eancias e coletar estat\u00edsticas de tr\u00e1fego.<\/span><\/p><ul><li style=\"font-weight: 400;\" aria-level=\"1\"><span style=\"font-weight: 400;\">O usu\u00e1rio pode configurar seu navegador para recusar cookies, ciente de que isso pode afetar a funcionalidade de algumas partes do site. Este procedimento deve ser realizado no navegador utilizado para acessar este site.<\/span><\/li><\/ul><p>\u00a0<\/p><ol start=\"8\"><li><b> RESPONSABILIDADES DO USU\u00c1RIO<\/b><\/li><\/ol><p><span style=\"font-weight: 400;\">\u00c9 vedado ao usu\u00e1rio utilizar este site para:<\/span><\/p><ul><li style=\"font-weight: 400;\" aria-level=\"1\"><span style=\"font-weight: 400;\">Utilizar as informa\u00e7\u00f5es contidas neste site para fins comerciais;<\/span><\/li><li style=\"font-weight: 400;\" aria-level=\"1\"><span style=\"font-weight: 400;\">Difundir conte\u00fados il\u00edcitos, violentos, discriminat\u00f3rios ou que configurem cal\u00fania, inj\u00faria e difama\u00e7\u00e3o a partir das informa\u00e7\u00f5es deste site;<\/span><\/li><li style=\"font-weight: 400;\" aria-level=\"1\"><span style=\"font-weight: 400;\">Realizar acessos n\u00e3o autorizados ou distribuir mensagens com conte\u00fados deste site em massa (spam).<\/span><\/li><\/ul><p>\u00a0<\/p><ol start=\"9\"><li><b> ENCARREGADO PELO TRATAMENTO DE DADOS (DPO)<\/b><\/li><\/ol><p><span style=\"font-weight: 400;\">Para exercer seus direitos ou esclarecer d\u00favidas sobre esta Pol\u00edtica, entre em contato com o nosso Encarregado de Prote\u00e7\u00e3o de Dados:<\/span><\/p><ul><li style=\"font-weight: 400;\" aria-level=\"1\"><b>Contato:<\/b><span style=\"font-weight: 400;\"> midias.digitais@canoas.rs.gov.br<\/span><\/li><li style=\"font-weight: 400;\" aria-level=\"1\"><b>Localiza\u00e7\u00e3o: <\/b><span style=\"font-weight: 400;\">Rua Quinze de Janeiro, 11 &#8211; Centro, Canoas &#8211; Secretaria de Comunica\u00e7\u00e3o<\/span><\/li><\/ul><p>\u00a0<\/p><ol start=\"10\"><li><b> ALTERA\u00c7\u00d5ES E ACEITA\u00c7\u00c3O<\/b><\/li><\/ol><p><span style=\"font-weight: 400;\">Esta Pol\u00edtica pode ser atualizada a qualquer momento para adequa\u00e7\u00e3o a novas normas ou funcionalidades. As altera\u00e7\u00f5es ser\u00e3o publicadas nesta p\u00e1gina.<\/span><\/p><p><b>Ao utilizar este site, o usu\u00e1rio declara estar ciente e de acordo com os termos aqui estabelecidos.<\/b><\/p>\t\t\t\t\t\t\t\t<\/div>\n\t\t\t\t<\/div>\n\t\t\t\t\t<\/div>\n\t\t\t\t<\/div>\n\t\t\t\t<\/div>","protected":false},"excerpt":{"rendered":"<p>POL\u00cdTICA DE PRIVACIDADE E PROTE\u00c7\u00c3O DE DADOS (LGPD) Prefeitura Municipal de Canoas \u2013 Site InvestCanoas A Prefeitura Municipal de Canoas, por meio de sua equipe respons\u00e1vel pelo site InvestCanoas (www.investcanoas.canoas.rs.gov.br), reafirma seu compromisso com a transpar\u00eancia, a seguran\u00e7a e a privacidade no tratamento dos dados pessoais de seus usu\u00e1rios. Esta Pol\u00edtica descreve como coletamos, utilizamos [&hellip;]<\/p>\n","protected":false},"author":1,"featured_media":0,"parent":0,"menu_order":0,"comment_status":"closed","ping_status":"closed","template":"elementor_header_footer","meta":{"footnotes":""},"class_list":["post-714","page","type-page","status-publish","hentry"],"yoast_head":"<!-- This site is optimized with the Yoast SEO plugin v26.9 - https:\/\/yoast.com\/product\/yoast-seo-wordpress\/ -->\n<title>Privacidade e LGPD - InvestCanoas<\/title>\n<meta name=\"robots\" content=\"index, follow, max-snippet:-1, max-image-preview:large, max-video-preview:-1\" \/>\n<link rel=\"canonical\" href=\"https:\/\/investcanoas.canoas.rs.gov.br\/en\/privacidade-e-lgpd\/\" \/>\n<meta property=\"og:locale\" content=\"en_US\" \/>\n<meta property=\"og:type\" content=\"article\" \/>\n<meta property=\"og:title\" content=\"Privacidade e LGPD - InvestCanoas\" \/>\n<meta property=\"og:description\" content=\"POL\u00cdTICA DE PRIVACIDADE E PROTE\u00c7\u00c3O DE DADOS (LGPD) Prefeitura Municipal de Canoas \u2013 Site InvestCanoas A Prefeitura Municipal de Canoas, por meio de sua equipe respons\u00e1vel pelo site InvestCanoas (www.investcanoas.canoas.rs.gov.br), reafirma seu compromisso com a transpar\u00eancia, a seguran\u00e7a e a privacidade no tratamento dos dados pessoais de seus usu\u00e1rios. Esta Pol\u00edtica descreve como coletamos, utilizamos [&hellip;]\" \/>\n<meta property=\"og:url\" content=\"https:\/\/investcanoas.canoas.rs.gov.br\/en\/privacidade-e-lgpd\/\" \/>\n<meta property=\"og:site_name\" content=\"InvestCanoas\" \/>\n<meta property=\"article:modified_time\" content=\"2026-03-25T17:24:01+00:00\" \/>\n<meta property=\"og:image\" content=\"https:\/\/investcanoas.canoas.rs.gov.br\/wp-content\/uploads\/2026\/03\/canoas-imagem-site-investcanoas-prefeitura-de-canoas-3.jpg\" \/>\n\t<meta property=\"og:image:width\" content=\"800\" \/>\n\t<meta property=\"og:image:height\" content=\"552\" \/>\n\t<meta property=\"og:image:type\" content=\"image\/jpeg\" \/>\n<meta name=\"twitter:card\" content=\"summary_large_image\" \/>\n<meta name=\"twitter:label1\" content=\"Est. reading time\" \/>\n\t<meta name=\"twitter:data1\" content=\"4 minutes\" \/>\n<script type=\"application\/ld+json\" class=\"yoast-schema-graph\">{\"@context\":\"https:\/\/schema.org\",\"@graph\":[{\"@type\":\"WebPage\",\"@id\":\"https:\/\/investcanoas.canoas.rs.gov.br\/privacidade-e-lgpd\/\",\"url\":\"https:\/\/investcanoas.canoas.rs.gov.br\/privacidade-e-lgpd\/\",\"name\":\"Privacidade e LGPD - InvestCanoas\",\"isPartOf\":{\"@id\":\"https:\/\/investcanoas.canoas.rs.gov.br\/#website\"},\"datePublished\":\"2026-03-25T17:04:20+00:00\",\"dateModified\":\"2026-03-25T17:24:01+00:00\",\"breadcrumb\":{\"@id\":\"https:\/\/investcanoas.canoas.rs.gov.br\/privacidade-e-lgpd\/#breadcrumb\"},\"inLanguage\":\"en-US\",\"potentialAction\":[{\"@type\":\"ReadAction\",\"target\":[\"https:\/\/investcanoas.canoas.rs.gov.br\/privacidade-e-lgpd\/\"]}]},{\"@type\":\"BreadcrumbList\",\"@id\":\"https:\/\/investcanoas.canoas.rs.gov.br\/privacidade-e-lgpd\/#breadcrumb\",\"itemListElement\":[{\"@type\":\"ListItem\",\"position\":1,\"name\":\"In\u00edcio\",\"item\":\"https:\/\/investcanoas.canoas.rs.gov.br\/\"},{\"@type\":\"ListItem\",\"position\":2,\"name\":\"Privacidade e LGPD\"}]},{\"@type\":\"WebSite\",\"@id\":\"https:\/\/investcanoas.canoas.rs.gov.br\/#website\",\"url\":\"https:\/\/investcanoas.canoas.rs.gov.br\/\",\"name\":\"InvestCanoas\",\"description\":\"Localizada na Regi\u00e3o Metropolitana de Porto Alegre, que tamb\u00e9m engloba outros 33 munic\u00edpios, Canoas \u00e9 um dos maiores polos industriais do Brasil, com uma grande variedade de ind\u00fastrias, desde sider\u00fargicas, montadoras de ve\u00edculos, petroqu\u00edmicas, at\u00e9 refinarias e muito mais.\",\"publisher\":{\"@id\":\"https:\/\/investcanoas.canoas.rs.gov.br\/#organization\"},\"alternateName\":\"Investimentos na cidade de Canoas\",\"potentialAction\":[{\"@type\":\"SearchAction\",\"target\":{\"@type\":\"EntryPoint\",\"urlTemplate\":\"https:\/\/investcanoas.canoas.rs.gov.br\/?s={search_term_string}\"},\"query-input\":{\"@type\":\"PropertyValueSpecification\",\"valueRequired\":true,\"valueName\":\"search_term_string\"}}],\"inLanguage\":\"en-US\"},{\"@type\":\"Organization\",\"@id\":\"https:\/\/investcanoas.canoas.rs.gov.br\/#organization\",\"name\":\"InvestCanoas\",\"url\":\"https:\/\/investcanoas.canoas.rs.gov.br\/\",\"logo\":{\"@type\":\"ImageObject\",\"inLanguage\":\"en-US\",\"@id\":\"https:\/\/investcanoas.canoas.rs.gov.br\/#\/schema\/logo\/image\/\",\"url\":\"https:\/\/investcanoas.canoas.rs.gov.br\/wp-content\/uploads\/2026\/03\/assinatura-investcanoas-site.jpg\",\"contentUrl\":\"https:\/\/investcanoas.canoas.rs.gov.br\/wp-content\/uploads\/2026\/03\/assinatura-investcanoas-site.jpg\",\"width\":488,\"height\":306,\"caption\":\"InvestCanoas\"},\"image\":{\"@id\":\"https:\/\/investcanoas.canoas.rs.gov.br\/#\/schema\/logo\/image\/\"}}]}<\/script>\n<!-- \/ Yoast SEO plugin. -->","yoast_head_json":{"title":"Privacidade e LGPD - InvestCanoas","robots":{"index":"index","follow":"follow","max-snippet":"max-snippet:-1","max-image-preview":"max-image-preview:large","max-video-preview":"max-video-preview:-1"},"canonical":"https:\/\/investcanoas.canoas.rs.gov.br\/en\/privacidade-e-lgpd\/","og_locale":"en_US","og_type":"article","og_title":"Privacidade e LGPD - InvestCanoas","og_description":"POL\u00cdTICA DE PRIVACIDADE E PROTE\u00c7\u00c3O DE DADOS (LGPD) Prefeitura Municipal de Canoas \u2013 Site InvestCanoas A Prefeitura Municipal de Canoas, por meio de sua equipe respons\u00e1vel pelo site InvestCanoas (www.investcanoas.canoas.rs.gov.br), reafirma seu compromisso com a transpar\u00eancia, a seguran\u00e7a e a privacidade no tratamento dos dados pessoais de seus usu\u00e1rios. Esta Pol\u00edtica descreve como coletamos, utilizamos [&hellip;]","og_url":"https:\/\/investcanoas.canoas.rs.gov.br\/en\/privacidade-e-lgpd\/","og_site_name":"InvestCanoas","article_modified_time":"2026-03-25T17:24:01+00:00","og_image":[{"width":800,"height":552,"url":"https:\/\/investcanoas.canoas.rs.gov.br\/wp-content\/uploads\/2026\/03\/canoas-imagem-site-investcanoas-prefeitura-de-canoas-3.jpg","type":"image\/jpeg"}],"twitter_card":"summary_large_image","twitter_misc":{"Est. reading time":"4 minutes"},"schema":{"@context":"https:\/\/schema.org","@graph":[{"@type":"WebPage","@id":"https:\/\/investcanoas.canoas.rs.gov.br\/privacidade-e-lgpd\/","url":"https:\/\/investcanoas.canoas.rs.gov.br\/privacidade-e-lgpd\/","name":"Privacidade e LGPD - InvestCanoas","isPartOf":{"@id":"https:\/\/investcanoas.canoas.rs.gov.br\/#website"},"datePublished":"2026-03-25T17:04:20+00:00","dateModified":"2026-03-25T17:24:01+00:00","breadcrumb":{"@id":"https:\/\/investcanoas.canoas.rs.gov.br\/privacidade-e-lgpd\/#breadcrumb"},"inLanguage":"en-US","potentialAction":[{"@type":"ReadAction","target":["https:\/\/investcanoas.canoas.rs.gov.br\/privacidade-e-lgpd\/"]}]},{"@type":"BreadcrumbList","@id":"https:\/\/investcanoas.canoas.rs.gov.br\/privacidade-e-lgpd\/#breadcrumb","itemListElement":[{"@type":"ListItem","position":1,"name":"In\u00edcio","item":"https:\/\/investcanoas.canoas.rs.gov.br\/"},{"@type":"ListItem","position":2,"name":"Privacidade e LGPD"}]},{"@type":"WebSite","@id":"https:\/\/investcanoas.canoas.rs.gov.br\/#website","url":"https:\/\/investcanoas.canoas.rs.gov.br\/","name":"InvestCanoas","description":"Localizada na Regi\u00e3o Metropolitana de Porto Alegre, que tamb\u00e9m engloba outros 33 munic\u00edpios, Canoas \u00e9 um dos maiores polos industriais do Brasil, com uma grande variedade de ind\u00fastrias, desde sider\u00fargicas, montadoras de ve\u00edculos, petroqu\u00edmicas, at\u00e9 refinarias e muito mais.","publisher":{"@id":"https:\/\/investcanoas.canoas.rs.gov.br\/#organization"},"alternateName":"Investimentos na cidade de Canoas","potentialAction":[{"@type":"SearchAction","target":{"@type":"EntryPoint","urlTemplate":"https:\/\/investcanoas.canoas.rs.gov.br\/?s={search_term_string}"},"query-input":{"@type":"PropertyValueSpecification","valueRequired":true,"valueName":"search_term_string"}}],"inLanguage":"en-US"},{"@type":"Organization","@id":"https:\/\/investcanoas.canoas.rs.gov.br\/#organization","name":"InvestCanoas","url":"https:\/\/investcanoas.canoas.rs.gov.br\/","logo":{"@type":"ImageObject","inLanguage":"en-US","@id":"https:\/\/investcanoas.canoas.rs.gov.br\/#\/schema\/logo\/image\/","url":"https:\/\/investcanoas.canoas.rs.gov.br\/wp-content\/uploads\/2026\/03\/assinatura-investcanoas-site.jpg","contentUrl":"https:\/\/investcanoas.canoas.rs.gov.br\/wp-content\/uploads\/2026\/03\/assinatura-investcanoas-site.jpg","width":488,"height":306,"caption":"InvestCanoas"},"image":{"@id":"https:\/\/investcanoas.canoas.rs.gov.br\/#\/schema\/logo\/image\/"}}]}},"_links":{"self":[{"href":"https:\/\/investcanoas.canoas.rs.gov.br\/en\/wp-json\/wp\/v2\/pages\/714","targetHints":{"allow":["GET"]}}],"collection":[{"href":"https:\/\/investcanoas.canoas.rs.gov.br\/en\/wp-json\/wp\/v2\/pages"}],"about":[{"href":"https:\/\/investcanoas.canoas.rs.gov.br\/en\/wp-json\/wp\/v2\/types\/page"}],"author":[{"embeddable":true,"href":"https:\/\/investcanoas.canoas.rs.gov.br\/en\/wp-json\/wp\/v2\/users\/1"}],"replies":[{"embeddable":true,"href":"https:\/\/investcanoas.canoas.rs.gov.br\/en\/wp-json\/wp\/v2\/comments?post=714"}],"version-history":[{"count":7,"href":"https:\/\/investcanoas.canoas.rs.gov.br\/en\/wp-json\/wp\/v2\/pages\/714\/revisions"}],"predecessor-version":[{"id":724,"href":"https:\/\/investcanoas.canoas.rs.gov.br\/en\/wp-json\/wp\/v2\/pages\/714\/revisions\/724"}],"wp:attachment":[{"href":"https:\/\/investcanoas.canoas.rs.gov.br\/en\/wp-json\/wp\/v2\/media?parent=714"}],"curies":[{"name":"wp","href":"https:\/\/api.w.org\/{rel}","templated":true}]}}